{"id":661,"date":"2018-06-21T17:10:55","date_gmt":"2018-06-21T15:10:55","guid":{"rendered":"https:\/\/blog.defrent.de\/?page_id=661"},"modified":"2018-11-12T13:21:40","modified_gmt":"2018-11-12T12:21:40","slug":"datenschutz","status":"publish","type":"page","link":"https:\/\/www.defrent.de\/en\/datenschutz\/","title":{"rendered":"Datenschutzerkl\u00e4rung"},"content":{"rendered":"<div class=\"shariff shariff-align-left shariff-widget-align-left\" style=\"display:none\"><ul class=\"shariff-buttons theme-round orientation-horizontal buttonsize-small\"><li class=\"shariff-button mastodon\" style=\"background-color:#ccc\"><a href=\"https:\/\/s2f.kytta.dev\/?text=Datenschutzerkl%C3%A4rung https%3A%2F%2Fwww.defrent.de%2Fen%2Fdatenschutz%2F via @defrentck@hessen.social\" title=\"Share on Mastodon\" aria-label=\"Share on Mastodon\" role=\"button\" rel=\"noopener nofollow\" class=\"shariff-link\" style=\"; background-color:#79b428; color:#fff\" target=\"_blank\"><span class=\"shariff-icon\" style=\"\"><svg width=\"75\" height=\"79\" viewBox=\"0 0 75 79\" fill=\"none\" xmlns=\"http:\/\/www.w3.org\/2000\/svg\"><path d=\"M37.813-.025C32.462-.058 27.114.13 21.79.598c-8.544.621-17.214 5.58-20.203 13.931C-1.12 23.318.408 32.622.465 41.65c.375 7.316.943 14.78 3.392 21.73 4.365 9.465 14.781 14.537 24.782 15.385 7.64.698 15.761-.213 22.517-4.026a54.1 54.1 0 0 0 .01-6.232c-6.855 1.316-14.101 2.609-21.049 1.074-3.883-.88-6.876-4.237-7.25-8.215-1.53-3.988 3.78-.43 5.584-.883 9.048 1.224 18.282.776 27.303-.462 7.044-.837 14.26-4.788 16.65-11.833 2.263-6.135 1.215-12.79 1.698-19.177.06-3.84.09-7.692-.262-11.52C72.596 7.844 63.223.981 53.834.684a219.453 219.453 0 0 0-16.022-.71zm11.294 12.882c5.5-.067 10.801 4.143 11.67 9.653.338 1.48.471 3 .471 4.515v21.088h-8.357c-.07-7.588.153-15.182-.131-22.765-.587-4.368-7.04-5.747-9.672-2.397-2.422 3.04-1.47 7.155-1.67 10.735v6.392h-8.307c-.146-4.996.359-10.045-.404-15.002-1.108-4.218-7.809-5.565-10.094-1.666-1.685 3.046-.712 6.634-.976 9.936v14.767h-8.354c.109-8.165-.238-16.344.215-24.5.674-5.346 5.095-10.389 10.676-10.627 4.902-.739 10.103 2.038 12.053 6.631.375 1.435 1.76 1.932 1.994.084 1.844-3.704 5.501-6.739 9.785-6.771.367-.044.735-.068 1.101-.073z\"\/><defs><linearGradient id=\"paint0_linear_549_34\" x1=\"37.0692\" y1=\"0\" x2=\"37.0692\" y2=\"79\" gradientUnits=\"userSpaceOnUse\"><stop stop-color=\"#6364FF\"\/><stop offset=\"1\" stop-color=\"#563ACC\"\/><\/linearGradient><\/defs><\/svg><\/span><\/a><\/li><li class=\"shariff-button linkedin\" style=\"background-color:#ccc\"><a href=\"https:\/\/www.linkedin.com\/sharing\/share-offsite\/?url=https%3A%2F%2Fwww.defrent.de%2Fen%2Fdatenschutz%2F\" title=\"Share on LinkedIn\" aria-label=\"Share on LinkedIn\" role=\"button\" rel=\"noopener nofollow\" class=\"shariff-link\" style=\"; background-color:#79b428; color:#fff\" target=\"_blank\"><span class=\"shariff-icon\" style=\"\"><svg width=\"32px\" height=\"20px\" xmlns=\"http:\/\/www.w3.org\/2000\/svg\" viewBox=\"0 0 27 32\"><path fill=\"#0077b5\" d=\"M6.2 11.2v17.7h-5.9v-17.7h5.9zM6.6 5.7q0 1.3-0.9 2.2t-2.4 0.9h0q-1.5 0-2.4-0.9t-0.9-2.2 0.9-2.2 2.4-0.9 2.4 0.9 0.9 2.2zM27.4 18.7v10.1h-5.9v-9.5q0-1.9-0.7-2.9t-2.3-1.1q-1.1 0-1.9 0.6t-1.2 1.5q-0.2 0.5-0.2 1.4v9.9h-5.9q0-7.1 0-11.6t0-5.3l0-0.9h5.9v2.6h0q0.4-0.6 0.7-1t1-0.9 1.6-0.8 2-0.3q3 0 4.9 2t1.9 6z\"\/><\/svg><\/span><\/a><\/li><li class=\"shariff-button xing\" style=\"background-color:#ccc\"><a href=\"https:\/\/www.xing.com\/spi\/shares\/new?url=https%3A%2F%2Fwww.defrent.de%2Fen%2Fdatenschutz%2F\" title=\"Share on XING\" aria-label=\"Share on XING\" role=\"button\" rel=\"noopener nofollow\" class=\"shariff-link\" style=\"; background-color:#79b428; color:#fff\" target=\"_blank\"><span class=\"shariff-icon\" style=\"\"><svg width=\"32px\" height=\"20px\" xmlns=\"http:\/\/www.w3.org\/2000\/svg\" viewBox=\"0 0 25 32\"><path fill=\"#126567\" d=\"M10.7 11.9q-0.2 0.3-4.6 8.2-0.5 0.8-1.2 0.8h-4.3q-0.4 0-0.5-0.3t0-0.6l4.5-8q0 0 0 0l-2.9-5q-0.2-0.4 0-0.7 0.2-0.3 0.5-0.3h4.3q0.7 0 1.2 0.8zM25.1 0.4q0.2 0.3 0 0.7l-9.4 16.7 6 11q0.2 0.4 0 0.6-0.2 0.3-0.6 0.3h-4.3q-0.7 0-1.2-0.8l-6-11.1q0.3-0.6 9.5-16.8 0.4-0.8 1.2-0.8h4.3q0.4 0 0.5 0.3z\"\/><\/svg><\/span><\/a><\/li><li class=\"shariff-button facebook\" style=\"background-color:#ccc\"><a href=\"https:\/\/www.facebook.com\/sharer\/sharer.php?u=https%3A%2F%2Fwww.defrent.de%2Fen%2Fdatenschutz%2F\" title=\"Share on Facebook\" aria-label=\"Share on Facebook\" role=\"button\" rel=\"nofollow\" class=\"shariff-link\" style=\"; background-color:#79b428; color:#fff\" target=\"_blank\"><span class=\"shariff-icon\" style=\"\"><svg width=\"32px\" height=\"20px\" xmlns=\"http:\/\/www.w3.org\/2000\/svg\" viewBox=\"0 0 18 32\"><path fill=\"#3b5998\" d=\"M17.1 0.2v4.7h-2.8q-1.5 0-2.1 0.6t-0.5 1.9v3.4h5.2l-0.7 5.3h-4.5v13.6h-5.5v-13.6h-4.5v-5.3h4.5v-3.9q0-3.3 1.9-5.2t5-1.8q2.6 0 4.1 0.2z\"\/><\/svg><\/span><\/a><\/li><li class=\"shariff-button twitter\" style=\"background-color:#ccc\"><a href=\"https:\/\/twitter.com\/share?url=https%3A%2F%2Fwww.defrent.de%2Fen%2Fdatenschutz%2F&text=Datenschutzerkl%C3%A4rung\" title=\"Share on X\" aria-label=\"Share on X\" role=\"button\" rel=\"noopener nofollow\" class=\"shariff-link\" style=\"; background-color:#79b428; color:#fff\" target=\"_blank\"><span class=\"shariff-icon\" style=\"\"><svg width=\"32px\" height=\"20px\" xmlns=\"http:\/\/www.w3.org\/2000\/svg\" viewBox=\"0 0 24 24\"><path fill=\"#000\" d=\"M14.258 10.152L23.176 0h-2.113l-7.747 8.813L7.133 0H0l9.352 13.328L0 23.973h2.113l8.176-9.309 6.531 9.309h7.133zm-2.895 3.293l-.949-1.328L2.875 1.56h3.246l6.086 8.523.945 1.328 7.91 11.078h-3.246zm0 0\"\/><\/svg><\/span><\/a><\/li><\/ul><\/div><h2>Wer wir sind<\/h2>\n<p>Die Websites und Services auf <a href=\"https:\/\/www.defrent.de\/\">www.defrent.de<\/a> und weiteren Subdomains von defrent.de geh\u00f6ren <span class=\"defrent\">DeFrEnT<\/span> Christopher K\u00f6bel. Herr K\u00f6bel ist ein freiberuflicher Fach\u00fcbersetzer f\u00fcr die Sprachen Deutsch, Englisch und Franz\u00f6sisch. Die Inhalte dieser Websites und Services dienen der Information \u00fcber unsere Dienstleistungen, der Bereitstellung dieser Dienstleistungen sowie der Information \u00fcber f\u00fcr \u00dcbersetzer und \u00dcbersetzungskunden relevante Themen.<\/p>\n<h2>Welche personenbezogenen Daten wir sammeln und warum wir sie sammeln<\/h2>\n<h3>Kommentare<\/h3>\n<p>Wenn Besucher Kommentare auf der Website schreiben, sammeln wir die Daten, die im Kommentar-Formular angezeigt werden, au\u00dferdem die IP-Adresse des Besuchers und den User-Agent-String (damit wird der Browser identifiziert), um die Erkennung von Spam zu unterst\u00fctzen.<\/p>\n<p>Aus E-Mail-Adressen kann eine anonymisierte Zeichenfolge (ein Hash)\u00a0erstellt und dem Gravatar-Dienst \u00fcbergeben werden, um zu pr\u00fcfen, ob dieser bereits benutzt wird. Die Datenschutzerkl\u00e4rung des Gravatar-Dienstes findest du hier: <a href=\"https:\/\/automattic.com\/privacy\/\">https:\/\/automattic.com\/privacy\/<\/a> . Nachdem Ihr Kommentar freigegeben wurde, ist Ihr Gravatar-Profilbild \u00f6ffentlich im Kontext Ihres Kommentars sichtbar.<\/p>\n<h3>Medien<\/h3>\n<p>Wenn Sie ein registrierter Benutzer sind und Fotos auf diese Website laden, sollten Sie vermeiden, Fotos mit einem EXIF-GPS-Standort hochzuladen. Besucher dieser Website k\u00f6nnten Fotos, die auf dieser Website gespeichert sind, herunterladen und deren Standort-Informationen extrahieren.<\/p>\n<h3>Kontaktformulare<\/h3>\n<p>Wenn Sie Daten in unser Kontaktformular eingeben, werden diese uns per E-Mail zugesandt und im Postfach auf dem Mailserver gespeichert. Wenn kein Auftrag zustande kommt, l\u00f6scht DeFrEnT diese E-Mails am Ende des laufenden Quartals, es sei denn, Sie geben uns die Erlaubnis, ihre Kontaktdaten langfristig aufzubewahren. Wenn ein Auftrag zustande kommt, speichert DeFrEnT Ihre Kontaktdaten und relevante Auftragsdaten bis ein (1) Jahr, nachdem das Kundenverh\u00e4ltnis endet &#8211; oder l\u00e4nger, sofern gesetzliche Aufbewahrungsfristen dies vorsehen. Sie k\u00f6nnen uns jederzeit formlos auffordern, Ihre bei uns gespeicherten Daten sofort zu l\u00f6schen.<\/p>\n<h3>Cookies<\/h3>\n<p>Wenn Sie einen Kommentar auf unserer Website schreiben, stellt dies eine Einwilligung dar, Ihren Namen, E-Mail-Adresse und Website in Cookies zu speichern. Dies ist eine Komfortfunktion, damit Sie diese Daten nicht beim Verfassen Ihres n\u00e4chsten Kommentars erneut eingeben m\u00fcssen. Diese Cookies werden ein Jahr lang bei Ihnen gespeichert.<\/p>\n<p>Falls Sie sich auf dieser Website anmelden, werden wir ein tempor\u00e4res Cookie setzen, um festzustellen, ob Ihr Browser Cookies akzeptiert. Dieses Cookie enth\u00e4lt keine personenbezogenen Daten und wird verworfen, wenn Sie Ihren Browser schlie\u00dfen.<\/p>\n<p>Wenn Sie sich anmelden, werden wir einige Cookies einrichten, um Anmeldeinformationen und Anzeigeoptionen zu speichern. Anmelde-Cookies verfallen nach zwei Tagen und Cookies f\u00fcr die Anzeigeoptionen nach einem Jahr. Falls Sie bei der Anmeldung \u201eAngemeldet bleiben\u201c ausw\u00e4hlen, wird die Anmeldung zwei Wochen lang aufrechterhalten. Mit der Abmeldung aus dem Konto werden die Anmelde-Cookies gel\u00f6scht.<\/p>\n<p>Wenn Sie einen Artikel bearbeiten oder ver\u00f6ffentlichen, wird ein zus\u00e4tzliches Cookie in Ihrem Browser gespeichert. Dieses Cookie enth\u00e4lt keine personenbezogenen Daten und verweist nur auf die Beitrags-ID des Artikels, den Sie gerade bearbeitet haben. Dieses Cookie verf\u00e4llt nach einem Tag.<\/p>\n<h3>Eingebettete Inhalte von anderen Websites<\/h3>\n<p>Beitr\u00e4ge auf dieser Website k\u00f6nnen eingebettete Inhalte beinhalten (z.\u00a0B. Videos, Bilder, Beitr\u00e4ge etc.). Eingebettete Inhalte von anderen Websites verhalten sich exakt so, als ob der Besucher die andere Website besucht h\u00e4tte.<\/p>\n<p>Diese Websites k\u00f6nnen Daten \u00fcber Sie sammeln, eigene Cookies setzen, zus\u00e4tzliche Tracking-Dienste von Dritten einbetten und Ihre Interaktion mit diesem eingebetteten Inhalt aufzeichnen, inklusive aller Interaktionen mit eingebetteten Inhalten, falls Sie ein Benutzerkonto haben und auf dieser Website angemeldet sind.<\/p>\n<h3>Analysedienste<\/h3>\n<p>Wie bei jedem Server im Internet fallen bei uns Server-Logs an, die neben der IP-Adresse speichern, welches Betriebssystem und welchen Browser Sie nutzen, von welcher Website Sie kommen (&#8220;Referer URL&#8221;) und weitere technische Daten, die der Server zwingend ben\u00f6tigt, um mit Ihrem Browser zu kommunizieren und die Website korrekt auszuliefern. Diese Daten sind technisch unabdingbar, ohne sie w\u00fcrde das Internet nicht funktionieren. Sie werden auf einem f\u00fcr Dritte unzug\u00e4nglichen Bereich bei unserem Webhoster <a href=\"https:\/\/www.1und1.de\/\" target=\"_blank\" rel=\"noopener\">1und1<\/a> in Deutschland gespeichert.<\/p>\n<p>Dar\u00fcber hinaus verwendet DeFrEnT <em>keine<\/em> Tools zum Erstellen von Benutzerstatistiken oder zum Tracken des Benutzerverhaltens.<\/p>\n<h2>Mit wem wir Ihre Daten teilen<\/h2>\n<p>Wir teilen Ihre Daten nicht mit Dritten, au\u00dfer Sie erlauben uns dies vorher oder es besteht ein datenschutzkonformer anderer Grund (z.B. wenn dies zur Vertragsanbahnung oder zur Vertragserf\u00fcllung n\u00f6tig ist).<\/p>\n<p>Unser Web-Provider <a href=\"https:\/\/www.1und1.de\/\" target=\"_blank\" rel=\"noopener\">1und1<\/a> kann nat\u00fcrlich auf alle auf seinen Servern gespeicherten Daten zugreifen. Wo m\u00f6glich, legen wir kritische Daten darum nur verschl\u00fcsselt auf diesen Servern ab, damit auch der Provider diese Daten nicht einsehen kann. Dar\u00fcber hinaus besteht ein Auftragsverarbeitungsvertrag, der klar regelt, dass der Provider nur aus technischen Gr\u00fcnden oder auf Aufforderung durch uns auf die bei ihm gespeicherten Daten zugreifen darf. Aus datenschutzrechtlicher Sicht ist dieses Vorgehen notwendig zur Vertragsanbahnung und -erf\u00fcllung, bzw. zum Bereitstellen dieses Dienstes.<\/p>\n<h2>Wie lange wir Ihre Daten speichern<\/h2>\n<p>Wenn Sie einen Kommentar schreiben, wird dieser inklusive Metadaten zeitlich unbegrenzt gespeichert. Auf diese Art k\u00f6nnen wir Folgekommentare automatisch erkennen und freigeben, anstelle sie in einer Moderations-Warteschlange festzuhalten.<\/p>\n<p>F\u00fcr Benutzer, die sich auf unserer Website registrieren, speichern wir zus\u00e4tzlich die pers\u00f6nlichen Informationen, die sie in ihren Benutzerprofilen angeben. Alle Benutzer k\u00f6nnen jederzeit ihre pers\u00f6nlichen Informationen einsehen, ver\u00e4ndern oder l\u00f6schen (der Benutzername kann nicht ver\u00e4ndert werden). Administratoren der Website k\u00f6nnen diese Informationen ebenfalls einsehen und ver\u00e4ndern.<\/p>\n<h2>Welche Rechte Sie an Ihren Daten haben<\/h2>\n<p>Wenn Sie ein Konto auf dieser Website besitzen oder Kommentare geschrieben haben, k\u00f6nnen Sie einen Export Ihrer personenbezogenen Daten bei uns anfordern, inklusive aller Daten, die Sie uns mitgeteilt haben, au\u00dfer Daten, die Sie in das Kontaktformular eingegeben haben (diese werden uns per E-Mail zugestellt und nicht in der Website gespeichert). Dar\u00fcber hinaus k\u00f6nnen Sie die Vervollst\u00e4ndigung, L\u00f6schung oder Korrektur aller personenbezogenen Daten, die wir von Ihnen gespeichert haben, anfordern. Dies umfasst nicht die Daten, die wir aufgrund administrativer, rechtlicher oder sicherheitsrelevanter Notwendigkeiten aufbewahren m\u00fcssen.<\/p>\n<h2>Wohin wir Ihre Daten senden<\/h2>\n<p>Besucher-Kommentare k\u00f6nnten von einem automatisierten Dienst zur Spam-Erkennung untersucht werden.<\/p>\n<h2>Ihre Kontakt-Informationen<\/h2>\n<p>Verantwortlich f\u00fcr die Datenverarbeitung ist:<\/p>\n<p>DeFrEnT Christopher K\u00f6bel<br \/>\nHerr Christopher K\u00f6bel<br \/>\nWiesenstra\u00dfe 5<br \/>\n63654 B\u00fcdingen<\/p>\n<p>Tel. +49 6042 5849059<br \/>\ninfo @ defrent . de<\/p>\n","protected":false},"excerpt":{"rendered":"<p>Wer wir sind Die Websites und Services auf www.defrent.de und weiteren Subdomains von defrent.de geh\u00f6ren DeFrEnT Christopher K\u00f6bel. Herr K\u00f6bel ist ein freiberuflicher Fach\u00fcbersetzer f\u00fcr die Sprachen Deutsch, Englisch und Franz\u00f6sisch. Die Inhalte dieser Websites und Services dienen der Information \u00fcber unsere Dienstleistungen, der Bereitstellung dieser Dienstleistungen sowie der Information \u00fcber f\u00fcr \u00dcbersetzer und \u00dcbersetzungskunden<\/p><\/div>\n<div class=\"blog-btn\"><a href=\"https:\/\/www.defrent.de\/en\/datenschutz\/\" class=\"home-blog-btn\">Read More<\/a><\/p>\n","protected":false},"author":1,"featured_media":0,"parent":0,"menu_order":0,"comment_status":"closed","ping_status":"closed","template":"","meta":{"footnotes":""},"class_list":["post-661","page","type-page","status-publish","hentry"],"aioseo_notices":[],"featured_image_src":null,"featured_image_src_square":null,"_links":{"self":[{"href":"https:\/\/www.defrent.de\/en\/wp-json\/wp\/v2\/pages\/661","targetHints":{"allow":["GET"]}}],"collection":[{"href":"https:\/\/www.defrent.de\/en\/wp-json\/wp\/v2\/pages"}],"about":[{"href":"https:\/\/www.defrent.de\/en\/wp-json\/wp\/v2\/types\/page"}],"author":[{"embeddable":true,"href":"https:\/\/www.defrent.de\/en\/wp-json\/wp\/v2\/users\/1"}],"replies":[{"embeddable":true,"href":"https:\/\/www.defrent.de\/en\/wp-json\/wp\/v2\/comments?post=661"}],"version-history":[{"count":3,"href":"https:\/\/www.defrent.de\/en\/wp-json\/wp\/v2\/pages\/661\/revisions"}],"predecessor-version":[{"id":716,"href":"https:\/\/www.defrent.de\/en\/wp-json\/wp\/v2\/pages\/661\/revisions\/716"}],"wp:attachment":[{"href":"https:\/\/www.defrent.de\/en\/wp-json\/wp\/v2\/media?parent=661"}],"curies":[{"name":"wp","href":"https:\/\/api.w.org\/{rel}","templated":true}]}}