{"id":1469,"date":"2020-07-09T18:57:47","date_gmt":"2020-07-09T16:57:47","guid":{"rendered":"https:\/\/www.defrent.de\/mention-legales\/"},"modified":"2024-11-18T11:27:49","modified_gmt":"2024-11-18T10:27:49","slug":"mention-legales","status":"publish","type":"page","link":"https:\/\/www.defrent.de\/fr\/mention-legales\/","title":{"rendered":"Mention l\u00e9gales"},"content":{"rendered":"<div class=\"shariff shariff-align-left shariff-widget-align-left\" style=\"display:none\"><ul class=\"shariff-buttons theme-round orientation-horizontal buttonsize-small\"><li class=\"shariff-button mastodon\" style=\"background-color:#ccc\"><a href=\"https:\/\/s2f.kytta.dev\/?text=Mention%20l%C3%A9gales https%3A%2F%2Fwww.defrent.de%2Ffr%2Fmention-legales%2F via @defrentck@hessen.social\" title=\"Envoyer par Mastodon\" aria-label=\"Envoyer par Mastodon\" role=\"button\" rel=\"noopener nofollow\" class=\"shariff-link\" style=\"; background-color:#79b428; color:#fff\" target=\"_blank\"><span class=\"shariff-icon\" style=\"\"><svg width=\"75\" height=\"79\" viewBox=\"0 0 75 79\" fill=\"none\" xmlns=\"http:\/\/www.w3.org\/2000\/svg\"><path d=\"M37.813-.025C32.462-.058 27.114.13 21.79.598c-8.544.621-17.214 5.58-20.203 13.931C-1.12 23.318.408 32.622.465 41.65c.375 7.316.943 14.78 3.392 21.73 4.365 9.465 14.781 14.537 24.782 15.385 7.64.698 15.761-.213 22.517-4.026a54.1 54.1 0 0 0 .01-6.232c-6.855 1.316-14.101 2.609-21.049 1.074-3.883-.88-6.876-4.237-7.25-8.215-1.53-3.988 3.78-.43 5.584-.883 9.048 1.224 18.282.776 27.303-.462 7.044-.837 14.26-4.788 16.65-11.833 2.263-6.135 1.215-12.79 1.698-19.177.06-3.84.09-7.692-.262-11.52C72.596 7.844 63.223.981 53.834.684a219.453 219.453 0 0 0-16.022-.71zm11.294 12.882c5.5-.067 10.801 4.143 11.67 9.653.338 1.48.471 3 .471 4.515v21.088h-8.357c-.07-7.588.153-15.182-.131-22.765-.587-4.368-7.04-5.747-9.672-2.397-2.422 3.04-1.47 7.155-1.67 10.735v6.392h-8.307c-.146-4.996.359-10.045-.404-15.002-1.108-4.218-7.809-5.565-10.094-1.666-1.685 3.046-.712 6.634-.976 9.936v14.767h-8.354c.109-8.165-.238-16.344.215-24.5.674-5.346 5.095-10.389 10.676-10.627 4.902-.739 10.103 2.038 12.053 6.631.375 1.435 1.76 1.932 1.994.084 1.844-3.704 5.501-6.739 9.785-6.771.367-.044.735-.068 1.101-.073z\"\/><defs><linearGradient id=\"paint0_linear_549_34\" x1=\"37.0692\" y1=\"0\" x2=\"37.0692\" y2=\"79\" gradientUnits=\"userSpaceOnUse\"><stop stop-color=\"#6364FF\"\/><stop offset=\"1\" stop-color=\"#563ACC\"\/><\/linearGradient><\/defs><\/svg><\/span><\/a><\/li><li class=\"shariff-button linkedin\" style=\"background-color:#ccc\"><a href=\"https:\/\/www.linkedin.com\/sharing\/share-offsite\/?url=https%3A%2F%2Fwww.defrent.de%2Ffr%2Fmention-legales%2F\" title=\"Envoyer par LinkedIn\" aria-label=\"Envoyer par LinkedIn\" role=\"button\" rel=\"noopener nofollow\" class=\"shariff-link\" style=\"; background-color:#79b428; color:#fff\" target=\"_blank\"><span class=\"shariff-icon\" style=\"\"><svg width=\"32px\" height=\"20px\" xmlns=\"http:\/\/www.w3.org\/2000\/svg\" viewBox=\"0 0 27 32\"><path fill=\"#0077b5\" d=\"M6.2 11.2v17.7h-5.9v-17.7h5.9zM6.6 5.7q0 1.3-0.9 2.2t-2.4 0.9h0q-1.5 0-2.4-0.9t-0.9-2.2 0.9-2.2 2.4-0.9 2.4 0.9 0.9 2.2zM27.4 18.7v10.1h-5.9v-9.5q0-1.9-0.7-2.9t-2.3-1.1q-1.1 0-1.9 0.6t-1.2 1.5q-0.2 0.5-0.2 1.4v9.9h-5.9q0-7.1 0-11.6t0-5.3l0-0.9h5.9v2.6h0q0.4-0.6 0.7-1t1-0.9 1.6-0.8 2-0.3q3 0 4.9 2t1.9 6z\"\/><\/svg><\/span><\/a><\/li><li class=\"shariff-button xing\" style=\"background-color:#ccc\"><a href=\"https:\/\/www.xing.com\/spi\/shares\/new?url=https%3A%2F%2Fwww.defrent.de%2Ffr%2Fmention-legales%2F\" title=\"Envoyer par XING\" aria-label=\"Envoyer par XING\" role=\"button\" rel=\"noopener nofollow\" class=\"shariff-link\" style=\"; background-color:#79b428; color:#fff\" target=\"_blank\"><span class=\"shariff-icon\" style=\"\"><svg width=\"32px\" height=\"20px\" xmlns=\"http:\/\/www.w3.org\/2000\/svg\" viewBox=\"0 0 25 32\"><path fill=\"#126567\" d=\"M10.7 11.9q-0.2 0.3-4.6 8.2-0.5 0.8-1.2 0.8h-4.3q-0.4 0-0.5-0.3t0-0.6l4.5-8q0 0 0 0l-2.9-5q-0.2-0.4 0-0.7 0.2-0.3 0.5-0.3h4.3q0.7 0 1.2 0.8zM25.1 0.4q0.2 0.3 0 0.7l-9.4 16.7 6 11q0.2 0.4 0 0.6-0.2 0.3-0.6 0.3h-4.3q-0.7 0-1.2-0.8l-6-11.1q0.3-0.6 9.5-16.8 0.4-0.8 1.2-0.8h4.3q0.4 0 0.5 0.3z\"\/><\/svg><\/span><\/a><\/li><li class=\"shariff-button facebook\" style=\"background-color:#ccc\"><a href=\"https:\/\/www.facebook.com\/sharer\/sharer.php?u=https%3A%2F%2Fwww.defrent.de%2Ffr%2Fmention-legales%2F\" title=\"Envoyer par Facebook\" aria-label=\"Envoyer par Facebook\" role=\"button\" rel=\"nofollow\" class=\"shariff-link\" style=\"; background-color:#79b428; color:#fff\" target=\"_blank\"><span class=\"shariff-icon\" style=\"\"><svg width=\"32px\" height=\"20px\" xmlns=\"http:\/\/www.w3.org\/2000\/svg\" viewBox=\"0 0 18 32\"><path fill=\"#3b5998\" d=\"M17.1 0.2v4.7h-2.8q-1.5 0-2.1 0.6t-0.5 1.9v3.4h5.2l-0.7 5.3h-4.5v13.6h-5.5v-13.6h-4.5v-5.3h4.5v-3.9q0-3.3 1.9-5.2t5-1.8q2.6 0 4.1 0.2z\"\/><\/svg><\/span><\/a><\/li><li class=\"shariff-button twitter\" style=\"background-color:#ccc\"><a href=\"https:\/\/twitter.com\/share?url=https%3A%2F%2Fwww.defrent.de%2Ffr%2Fmention-legales%2F&text=Mention%20l%C3%A9gales\" title=\"Envoyer par X\" aria-label=\"Envoyer par X\" role=\"button\" rel=\"noopener nofollow\" class=\"shariff-link\" style=\"; background-color:#79b428; color:#fff\" target=\"_blank\"><span class=\"shariff-icon\" style=\"\"><svg width=\"32px\" height=\"20px\" xmlns=\"http:\/\/www.w3.org\/2000\/svg\" viewBox=\"0 0 24 24\"><path fill=\"#000\" d=\"M14.258 10.152L23.176 0h-2.113l-7.747 8.813L7.133 0H0l9.352 13.328L0 23.973h2.113l8.176-9.309 6.531 9.309h7.133zm-2.895 3.293l-.949-1.328L2.875 1.56h3.246l6.086 8.523.945 1.328 7.91 11.078h-3.246zm0 0\"\/><\/svg><\/span><\/a><\/li><\/ul><\/div><p>Informations requises par \u00a7 5 TMG \/ V.i.s.d.P.:<\/p>\n<p>DeFrEnT C. K\u00f6bel<br \/>\nChristopher K\u00f6bel<br \/>\nWiesenstra\u00dfe 5<br \/>\n63654 B\u00fcdingen<\/p>\n<p>Mail: <a href=\"mailto:info@defrent.de\">info@defrent.de<\/a><br \/>\nT\u00e9l. +49 (6042) 58 490 59<br \/>\neBO SAFE-ID: DE.Justiz.ed741518-cefc-4f33-95d8-b5437e4fa409.4849 (pour les cours, avocats et notaires allemands)<\/p>\n<p>ID europ\u00e9en de TVA: DE278158380<\/p>\n<h2>Responsabilit\u00e9<\/h2>\n<p><strong>Responsabilit\u00e9 pour les contenus<\/strong><\/p>\n<p>Le contenu de nos pages a \u00e9t\u00e9 cr\u00e9\u00e9 avec le plus grand soin. Toutefois, nous ne pouvons pas garantir que le contenu soit correct, complet et \u00e0 jour. En tant que prestataire de services, nous sommes responsables de nos propres contenus sur ces pages conform\u00e9ment \u00e0 l&rsquo;article 7, paragraphe 1 de la loi allemande sur les t\u00e9l\u00e9m\u00e9dias (TMG) et aux lois g\u00e9n\u00e9rales. Conform\u00e9ment aux articles 8 \u00e0 10 TMG, nous ne sommes pas tenus de surveiller les informations transmises ou stock\u00e9es par des tiers ni d&rsquo;enqu\u00eater sur les circonstances qui indiquent une activit\u00e9 ill\u00e9gale. Les obligations de supprimer ou de bloquer l&rsquo;utilisation des informations conform\u00e9ment aux lois g\u00e9n\u00e9rales ne sont pas affect\u00e9es par cette disposition. Toutefois, la responsabilit\u00e9 \u00e0 cet \u00e9gard n&rsquo;est possible qu&rsquo;\u00e0 partir du moment o\u00f9 l&rsquo;on a connaissance d&rsquo;une infraction concr\u00e8te. Au moment o\u00f9 nous aurons connaissance de telles infractions, nous retirerons imm\u00e9diatement le contenu en question.<\/p>\n<p><strong>Responsabilit\u00e9 pour les liens<\/strong><\/p>\n<p>Notre offre contient des liens vers des sites web externes de tiers, sur le contenu desquels nous n&rsquo;avons aucune influence. C&rsquo;est pourquoi nous ne pouvons assumer aucune responsabilit\u00e9 pour ces contenus externes. Le fournisseur ou l&rsquo;exploitant de ces sites est toujours responsable du contenu des sites li\u00e9s. Les pages li\u00e9es ont \u00e9t\u00e9 v\u00e9rifi\u00e9es au moment de la mise en place du lien afin de d\u00e9tecter d&rsquo;\u00e9ventuelles violations de la loi. Les contenus ill\u00e9gaux n&rsquo;ont pas \u00e9t\u00e9 identifi\u00e9s au moment de la cr\u00e9ation du lien. Toutefois, un contr\u00f4le permanent du contenu des pages li\u00e9es n&rsquo;est pas raisonnable sans preuve concr\u00e8te d&rsquo;une violation de la loi. Si nous avons connaissance d&rsquo;infractions, nous supprimerons imm\u00e9diatement ces liens.<\/p>\n<p><strong>Droit d&rsquo;auteur<\/strong><\/p>\n<p>Les contenus et les \u0153uvres de ces pages cr\u00e9\u00e9s par les op\u00e9rateurs du site sont soumis \u00e0 la loi allemande sur le droit d&rsquo;auteur. La reproduction, l&rsquo;\u00e9dition, la distribution et tout type d&rsquo;utilisation en dehors des limites du droit d&rsquo;auteur n\u00e9cessitent le consentement \u00e9crit de l&rsquo;auteur ou du cr\u00e9ateur respectif. Les t\u00e9l\u00e9chargements et les copies de ces pages ne sont autoris\u00e9s que pour un usage priv\u00e9 et non commercial. Dans la mesure o\u00f9 le contenu de ce site n&rsquo;a pas \u00e9t\u00e9 cr\u00e9\u00e9 par l&rsquo;op\u00e9rateur, les droits d&rsquo;auteur de tiers sont respect\u00e9s. En particulier, les contenus de tiers sont identifi\u00e9s comme tels. Si vous avez n\u00e9anmoins connaissance d&rsquo;une violation du droit d&rsquo;auteur, veuillez nous en informer. Si nous avons connaissance d&rsquo;une infraction, nous retirerons imm\u00e9diatement ces contenus.<\/p>\n<p><strong>Protection des donn\u00e9es priv\u00e9es<\/strong><\/p>\n<p>Il est g\u00e9n\u00e9ralement possible d&rsquo;utiliser notre site web sans fournir de donn\u00e9es personnelles. Dans la mesure o\u00f9 des donn\u00e9es personnelles (par exemple, le nom, l&rsquo;adresse ou les adresses \u00e9lectroniques) sont collect\u00e9es sur notre site web, cela se fait toujours sur une base volontaire, dans la mesure du possible. Ces donn\u00e9es ne seront pas transmises \u00e0 des tiers sans votre consentement explicite. Vous trouverez plus d&rsquo;informations sur la protection des donn\u00e9es \u00e0 la page <a href=\"https:\/\/www.defrent.de\/fr\/datenschutz\/\">Protection des donn\u00e9es<\/a>.<\/p>\n<p>Nous tenons \u00e9galement \u00e0 souligner que la transmission de donn\u00e9es sur internet (par exemple, la communication par courrier \u00e9lectronique) peut pr\u00e9senter des lacunes en mati\u00e8re de s\u00e9curit\u00e9. Une protection compl\u00e8te des donn\u00e9es contre l&rsquo;acc\u00e8s par des tiers n&rsquo;est pas possible.<\/p>\n<p>Si vous souhaitez communiquer avec nous de mani\u00e8re confidentielle, vous pouvez t\u00e9l\u00e9charger nos cl\u00e9s publiques pour les courriers \u00e9lectroniques crypt\u00e9s : T\u00e9l\u00e9charger la cl\u00e9 <a href=\"https:\/\/url.defrent.de\/smimekey\">S\/MIME pour info @ defrent . de &gt;\/a&gt; ou la cl\u00e9 <\/a><a href=\"https:\/\/url.defrent.de\/pgpkey\">PGP pour info @ defrent . de<\/a><\/p>\n<p>L&rsquo;utilisation par des tiers des donn\u00e9es de contact publi\u00e9es dans le cadre de l&rsquo;obligation d&rsquo;impression et des donn\u00e9es de contact publi\u00e9es sur ce site web pour l&rsquo;envoi de publicit\u00e9 et de mat\u00e9riel d&rsquo;information non express\u00e9ment demand\u00e9 est express\u00e9ment interdite. L&rsquo;op\u00e9rateur du site se r\u00e9serve express\u00e9ment le droit d&rsquo;engager des poursuites judiciaires en cas d&rsquo;envoi non sollicit\u00e9 d&rsquo;informations publicitaires, en particulier du spam.<\/p>\n<p><strong>R\u00e9seaux sociaux<\/strong><\/p>\n<p>Sur ce site web, vous trouverez \u00e9galement des boutons pour les r\u00e9seaux sociaux, tels que Facebook, Twitter ou Xing. Ces boutons mettent en \u0153uvre la solution dite \u00ab\u00a0\u00e0 2 clics\u00a0\u00bb pour se conformer \u00e0 la loi allemande sur la protection des donn\u00e9es. Cela signifie qu&rsquo;il s&rsquo;agit au d\u00e9part de simples liens graphiques. Lorsque vous cliquez sur ces logos pour la premi\u00e8re fois, une connexion au r\u00e9seau social correspondant est \u00e9tablie et les donn\u00e9es personnelles peuvent \u00e9galement \u00eatre transf\u00e9r\u00e9es \u00e0 des tiers sans aucune autre action de votre part. Ce n&rsquo;est qu&rsquo;au second clic que votre message est envoy\u00e9 au r\u00e9seau social. Ces donn\u00e9es sont pour la plupart stock\u00e9es et trait\u00e9es en dehors de l&rsquo;Allemagne. DeFrEnT n&rsquo;a aucune influence sur l&rsquo;utilisation de ces donn\u00e9es. Par cons\u00e9quent, si vous activez un bouton de r\u00e9seau lors de votre premier clic, vous le faites \u00e0 vos propres risques.<\/p>\n","protected":false},"excerpt":{"rendered":"<p>Informations requises par \u00a7 5 TMG \/ V.i.s.d.P.: DeFrEnT C. K\u00f6bel Christopher K\u00f6bel Wiesenstra\u00dfe 5 63654 B\u00fcdingen Mail: info@defrent.de T\u00e9l. +49 (6042) 58 490 59 eBO SAFE-ID: DE.Justiz.ed741518-cefc-4f33-95d8-b5437e4fa409.4849 (pour les cours, avocats et notaires allemands) ID europ\u00e9en de TVA: DE278158380 Responsabilit\u00e9 Responsabilit\u00e9 pour les contenus Le contenu de nos pages a \u00e9t\u00e9 cr\u00e9\u00e9 avec le<\/p><\/div>\n<div class=\"blog-btn\"><a href=\"https:\/\/www.defrent.de\/fr\/mention-legales\/\" class=\"home-blog-btn\">Lire la suite<\/a><\/p>\n","protected":false},"author":1,"featured_media":0,"parent":0,"menu_order":10000,"comment_status":"closed","ping_status":"closed","template":"","meta":{"footnotes":""},"class_list":["post-1469","page","type-page","status-publish","hentry"],"aioseo_notices":[],"featured_image_src":null,"featured_image_src_square":null,"_links":{"self":[{"href":"https:\/\/www.defrent.de\/fr\/wp-json\/wp\/v2\/pages\/1469","targetHints":{"allow":["GET"]}}],"collection":[{"href":"https:\/\/www.defrent.de\/fr\/wp-json\/wp\/v2\/pages"}],"about":[{"href":"https:\/\/www.defrent.de\/fr\/wp-json\/wp\/v2\/types\/page"}],"author":[{"embeddable":true,"href":"https:\/\/www.defrent.de\/fr\/wp-json\/wp\/v2\/users\/1"}],"replies":[{"embeddable":true,"href":"https:\/\/www.defrent.de\/fr\/wp-json\/wp\/v2\/comments?post=1469"}],"version-history":[{"count":2,"href":"https:\/\/www.defrent.de\/fr\/wp-json\/wp\/v2\/pages\/1469\/revisions"}],"predecessor-version":[{"id":1874,"href":"https:\/\/www.defrent.de\/fr\/wp-json\/wp\/v2\/pages\/1469\/revisions\/1874"}],"wp:attachment":[{"href":"https:\/\/www.defrent.de\/fr\/wp-json\/wp\/v2\/media?parent=1469"}],"curies":[{"name":"wp","href":"https:\/\/api.w.org\/{rel}","templated":true}]}}