{"id":1470,"date":"2020-07-09T19:16:23","date_gmt":"2020-07-09T17:16:23","guid":{"rendered":"https:\/\/www.defrent.de\/formation-continue\/"},"modified":"2020-07-09T19:16:23","modified_gmt":"2020-07-09T17:16:23","slug":"formation-continue","status":"publish","type":"page","link":"https:\/\/www.defrent.de\/fr\/formation-continue\/","title":{"rendered":"Formation continue"},"content":{"rendered":"<div class=\"shariff shariff-align-left shariff-widget-align-left\" style=\"display:none\"><ul class=\"shariff-buttons theme-round orientation-horizontal buttonsize-small\"><li class=\"shariff-button mastodon\" style=\"background-color:#ccc\"><a href=\"https:\/\/s2f.kytta.dev\/?text=Formation%20continue https%3A%2F%2Fwww.defrent.de%2Ffr%2Fformation-continue%2F via @defrentck@hessen.social\" title=\"Envoyer par Mastodon\" aria-label=\"Envoyer par Mastodon\" role=\"button\" rel=\"noopener nofollow\" class=\"shariff-link\" style=\"; background-color:#79b428; color:#fff\" target=\"_blank\"><span class=\"shariff-icon\" style=\"\"><svg width=\"75\" height=\"79\" viewBox=\"0 0 75 79\" fill=\"none\" xmlns=\"http:\/\/www.w3.org\/2000\/svg\"><path d=\"M37.813-.025C32.462-.058 27.114.13 21.79.598c-8.544.621-17.214 5.58-20.203 13.931C-1.12 23.318.408 32.622.465 41.65c.375 7.316.943 14.78 3.392 21.73 4.365 9.465 14.781 14.537 24.782 15.385 7.64.698 15.761-.213 22.517-4.026a54.1 54.1 0 0 0 .01-6.232c-6.855 1.316-14.101 2.609-21.049 1.074-3.883-.88-6.876-4.237-7.25-8.215-1.53-3.988 3.78-.43 5.584-.883 9.048 1.224 18.282.776 27.303-.462 7.044-.837 14.26-4.788 16.65-11.833 2.263-6.135 1.215-12.79 1.698-19.177.06-3.84.09-7.692-.262-11.52C72.596 7.844 63.223.981 53.834.684a219.453 219.453 0 0 0-16.022-.71zm11.294 12.882c5.5-.067 10.801 4.143 11.67 9.653.338 1.48.471 3 .471 4.515v21.088h-8.357c-.07-7.588.153-15.182-.131-22.765-.587-4.368-7.04-5.747-9.672-2.397-2.422 3.04-1.47 7.155-1.67 10.735v6.392h-8.307c-.146-4.996.359-10.045-.404-15.002-1.108-4.218-7.809-5.565-10.094-1.666-1.685 3.046-.712 6.634-.976 9.936v14.767h-8.354c.109-8.165-.238-16.344.215-24.5.674-5.346 5.095-10.389 10.676-10.627 4.902-.739 10.103 2.038 12.053 6.631.375 1.435 1.76 1.932 1.994.084 1.844-3.704 5.501-6.739 9.785-6.771.367-.044.735-.068 1.101-.073z\"\/><defs><linearGradient id=\"paint0_linear_549_34\" x1=\"37.0692\" y1=\"0\" x2=\"37.0692\" y2=\"79\" gradientUnits=\"userSpaceOnUse\"><stop stop-color=\"#6364FF\"\/><stop offset=\"1\" stop-color=\"#563ACC\"\/><\/linearGradient><\/defs><\/svg><\/span><\/a><\/li><li class=\"shariff-button linkedin\" style=\"background-color:#ccc\"><a href=\"https:\/\/www.linkedin.com\/sharing\/share-offsite\/?url=https%3A%2F%2Fwww.defrent.de%2Ffr%2Fformation-continue%2F\" title=\"Envoyer par LinkedIn\" aria-label=\"Envoyer par LinkedIn\" role=\"button\" rel=\"noopener nofollow\" class=\"shariff-link\" style=\"; background-color:#79b428; color:#fff\" target=\"_blank\"><span class=\"shariff-icon\" style=\"\"><svg width=\"32px\" height=\"20px\" xmlns=\"http:\/\/www.w3.org\/2000\/svg\" viewBox=\"0 0 27 32\"><path fill=\"#0077b5\" d=\"M6.2 11.2v17.7h-5.9v-17.7h5.9zM6.6 5.7q0 1.3-0.9 2.2t-2.4 0.9h0q-1.5 0-2.4-0.9t-0.9-2.2 0.9-2.2 2.4-0.9 2.4 0.9 0.9 2.2zM27.4 18.7v10.1h-5.9v-9.5q0-1.9-0.7-2.9t-2.3-1.1q-1.1 0-1.9 0.6t-1.2 1.5q-0.2 0.5-0.2 1.4v9.9h-5.9q0-7.1 0-11.6t0-5.3l0-0.9h5.9v2.6h0q0.4-0.6 0.7-1t1-0.9 1.6-0.8 2-0.3q3 0 4.9 2t1.9 6z\"\/><\/svg><\/span><\/a><\/li><li class=\"shariff-button xing\" style=\"background-color:#ccc\"><a href=\"https:\/\/www.xing.com\/spi\/shares\/new?url=https%3A%2F%2Fwww.defrent.de%2Ffr%2Fformation-continue%2F\" title=\"Envoyer par XING\" aria-label=\"Envoyer par XING\" role=\"button\" rel=\"noopener nofollow\" class=\"shariff-link\" style=\"; background-color:#79b428; color:#fff\" target=\"_blank\"><span class=\"shariff-icon\" style=\"\"><svg width=\"32px\" height=\"20px\" xmlns=\"http:\/\/www.w3.org\/2000\/svg\" viewBox=\"0 0 25 32\"><path fill=\"#126567\" d=\"M10.7 11.9q-0.2 0.3-4.6 8.2-0.5 0.8-1.2 0.8h-4.3q-0.4 0-0.5-0.3t0-0.6l4.5-8q0 0 0 0l-2.9-5q-0.2-0.4 0-0.7 0.2-0.3 0.5-0.3h4.3q0.7 0 1.2 0.8zM25.1 0.4q0.2 0.3 0 0.7l-9.4 16.7 6 11q0.2 0.4 0 0.6-0.2 0.3-0.6 0.3h-4.3q-0.7 0-1.2-0.8l-6-11.1q0.3-0.6 9.5-16.8 0.4-0.8 1.2-0.8h4.3q0.4 0 0.5 0.3z\"\/><\/svg><\/span><\/a><\/li><li class=\"shariff-button facebook\" style=\"background-color:#ccc\"><a href=\"https:\/\/www.facebook.com\/sharer\/sharer.php?u=https%3A%2F%2Fwww.defrent.de%2Ffr%2Fformation-continue%2F\" title=\"Envoyer par Facebook\" aria-label=\"Envoyer par Facebook\" role=\"button\" rel=\"nofollow\" class=\"shariff-link\" style=\"; background-color:#79b428; color:#fff\" target=\"_blank\"><span class=\"shariff-icon\" style=\"\"><svg width=\"32px\" height=\"20px\" xmlns=\"http:\/\/www.w3.org\/2000\/svg\" viewBox=\"0 0 18 32\"><path fill=\"#3b5998\" d=\"M17.1 0.2v4.7h-2.8q-1.5 0-2.1 0.6t-0.5 1.9v3.4h5.2l-0.7 5.3h-4.5v13.6h-5.5v-13.6h-4.5v-5.3h4.5v-3.9q0-3.3 1.9-5.2t5-1.8q2.6 0 4.1 0.2z\"\/><\/svg><\/span><\/a><\/li><li class=\"shariff-button twitter\" style=\"background-color:#ccc\"><a href=\"https:\/\/twitter.com\/share?url=https%3A%2F%2Fwww.defrent.de%2Ffr%2Fformation-continue%2F&text=Formation%20continue\" title=\"Envoyer par X\" aria-label=\"Envoyer par X\" role=\"button\" rel=\"noopener nofollow\" class=\"shariff-link\" style=\"; background-color:#79b428; color:#fff\" target=\"_blank\"><span class=\"shariff-icon\" style=\"\"><svg width=\"32px\" height=\"20px\" xmlns=\"http:\/\/www.w3.org\/2000\/svg\" viewBox=\"0 0 24 24\"><path fill=\"#000\" d=\"M14.258 10.152L23.176 0h-2.113l-7.747 8.813L7.133 0H0l9.352 13.328L0 23.973h2.113l8.176-9.309 6.531 9.309h7.133zm-2.895 3.293l-.949-1.328L2.875 1.56h3.246l6.086 8.523.945 1.328 7.91 11.078h-3.246zm0 0\"\/><\/svg><\/span><\/a><\/li><\/ul><\/div><dl>\n<dt>02\/2019 : Technische Kunststoffe &#8211; M\u00e4rkte, Unternehmen, Preise<\/dt>\n<dd>s\u00e9minaire d&rsquo;une journ\u00e9e, KI Group GmbH.<br \/>\nDemande et application, production de plastiques et cha\u00eenes de valeur, types de plastiques, principaux march\u00e9s et tendances, prix et fixation des prix \/ d\u00e9pendances.<\/dd>\n<dt>04\/2018 : Verfahrenstechnik (Theorie)<\/dt>\n<dd>S\u00e9minaire quotidien allemand \/ anglais, BD\u00dc Hessen e.V.<br \/>\nNotions de base, exemples d&rsquo;installations de g\u00e9nie des proc\u00e9d\u00e9s, organigramme de la R&amp;I, \u00e9quipement, protection contre les explosions, risques des installations de g\u00e9nie des proc\u00e9d\u00e9s, acceptation et certification.<\/dd>\n<dt>10\/2017 &#8211; 05\/2018 : DSGVO und neue Datenschutzregeln<\/dt>\n<dd>S\u00e9rie de webinaires en trois parties, BD\u00dc e.V.<br \/>\nEnsuite, \u00e9valuation et mise en \u0153uvre conjointe de la directive RGPD au sein du BD\u00dc Landesverband Hessen e.V.<\/dd>\n<dt>03\/2017 : F\u00f6rdertechnik in Theorie und Praxis<\/dt>\n<dd>S\u00e9minaire de deux jours allemand \/ fran\u00e7ais \/ anglais, BD\u00dc Hessen e.V.<\/dd>\n<dt>03\/2016 &#8211; 04\/2016 : Deutsche Rechtssprache<\/dt>\n<dd>S\u00e9rie de webinaires en six parties, BD\u00dc Hessen e.V.<\/dd>\n<dt>03\/2016 : Werkzeugmaschinen und Fertigungstechnik<\/dt>\n<dd>S\u00e9minaire de jour allemand\/anglais, BD\u00dc Hessen e.V.<\/dd>\n<dt>02\/2016 : Cloud Computing Concepts<\/dt>\n<dd>MOOC de quatre semaines, Coursera<\/dd>\n<dt>09\/2015 : Elektrotechnik<\/dt>\n<dd>S\u00e9minaire de 3 jours, BD\u00dc Weiterbildungs- und Fachverlagsgesellschaft mbH\/Universit\u00e9 de Hildesheim<br \/>\nCourant continu\/alternatif, tension et fr\u00e9quence, circuits et composants, les 5 r\u00e8gles de s\u00e9curit\u00e9, les r\u00e9seaux basse\/moyenne\/haute tension, comparaisons \u00e0 l\u2019international et travail terminologique en allemand, en anglais et en fran\u00e7ais. S\u00e9minaire de pr\u00e9sence de trois jours.<\/dd>\n<dt>05-07\/2014 : Grundlagen des Marketing. Produkt-, Kommunikations-, Preis- und Distributionspolitik.<\/dt>\n<dd>MOOC, iversity\/Universit\u00e9 de Leipzig<br \/>\n<a title=\"Certificat Iversity (grade B)\" href=\"https:\/\/www.defrent.de\/wp-content\/uploads\/2019\/03\/iversity_certificate_koebel_grundlagen-des-marketing.pdf\" target=\"_blank\" rel=\"noopener noreferrer\">Examen final not\u00e9 : grade B (87%)<\/a>.<\/dd>\n<dt>09\/2013 : Heim- und Geb\u00e4udeautomation<\/dt>\n<dd>S\u00e9minaire de pr\u00e9sence de trois jours : allemand, anglais, fran\u00e7ais; BD\u00dc Weiterbildungs- und Fachverlagsgesellschaft mbH\/Universit\u00e9 de Hildesheim.<br \/>\n<a title=\"BD\u00dc Formation continue : Domotique et immotique\" href=\"https:\/\/www.defrent.de\/wp-content\/uploads\/2019\/03\/BD\u00dc_UniHildesheim_2013_Automatisierung.pdf\" target=\"_blank\" rel=\"noopener noreferrer\">Flyer\/Contenu<\/a><\/dd>\n<dt>10-12\/2012 : Internetworking mit TCP\/IP. Protokolle, Routing, IPv4, IPv6<\/dt>\n<dd>MOOC, openHPI\/Institut Hasso Plattner :<br \/>\n<a title=\"openHPI Certificate : 6 travaux de semestre + examen final (96%)\" href=\"https:\/\/www.defrent.de\/wp-content\/uploads\/2019\/03\/openHPI_Internetworking_Cert-11170_DeFrEnT-K\u00f6bel.pdf\" target=\"_blank\" rel=\"noopener noreferrer\">examen final not\u00e9 (96%)<\/a>.<\/dd>\n<dt>03-08\/2012 : Betriebswirtschaftliche Grundlagen<\/dt>\n<dd>S\u00e9rie de webinaires, BD\u00dc Baden-W\u00fcrttemberg e.V.<\/dd>\n<dt>03-04\/2012 : Social Media Marketing<\/dt>\n<dd>S\u00e9rie de webinaires, Mixxt<\/dd>\n<\/dl>\n","protected":false},"excerpt":{"rendered":"<p>02\/2019 : Technische Kunststoffe &#8211; M\u00e4rkte, Unternehmen, Preise s\u00e9minaire d&rsquo;une journ\u00e9e, KI Group GmbH. Demande et application, production de plastiques et cha\u00eenes de valeur, types de plastiques, principaux march\u00e9s et tendances, prix et fixation des prix \/ d\u00e9pendances. 04\/2018 : Verfahrenstechnik (Theorie) S\u00e9minaire quotidien allemand \/ anglais, BD\u00dc Hessen e.V. Notions de base, exemples d&rsquo;installations<\/p><\/div>\n<div class=\"blog-btn\"><a href=\"https:\/\/www.defrent.de\/fr\/formation-continue\/\" class=\"home-blog-btn\">Lire la suite<\/a><\/p>\n","protected":false},"author":1,"featured_media":0,"parent":0,"menu_order":0,"comment_status":"open","ping_status":"open","template":"","meta":{"footnotes":""},"class_list":["post-1470","page","type-page","status-publish","hentry"],"aioseo_notices":[],"featured_image_src":null,"featured_image_src_square":null,"_links":{"self":[{"href":"https:\/\/www.defrent.de\/fr\/wp-json\/wp\/v2\/pages\/1470","targetHints":{"allow":["GET"]}}],"collection":[{"href":"https:\/\/www.defrent.de\/fr\/wp-json\/wp\/v2\/pages"}],"about":[{"href":"https:\/\/www.defrent.de\/fr\/wp-json\/wp\/v2\/types\/page"}],"author":[{"embeddable":true,"href":"https:\/\/www.defrent.de\/fr\/wp-json\/wp\/v2\/users\/1"}],"replies":[{"embeddable":true,"href":"https:\/\/www.defrent.de\/fr\/wp-json\/wp\/v2\/comments?post=1470"}],"version-history":[{"count":0,"href":"https:\/\/www.defrent.de\/fr\/wp-json\/wp\/v2\/pages\/1470\/revisions"}],"wp:attachment":[{"href":"https:\/\/www.defrent.de\/fr\/wp-json\/wp\/v2\/media?parent=1470"}],"curies":[{"name":"wp","href":"https:\/\/api.w.org\/{rel}","templated":true}]}}